{"id":848,"date":"2024-02-29T11:36:11","date_gmt":"2024-02-29T10:36:11","guid":{"rendered":"https:\/\/pension-adelheid.com\/informativa-sulla-privacy\/"},"modified":"2025-06-17T12:00:18","modified_gmt":"2025-06-17T10:00:18","slug":"informativa-sulla-privacy","status":"publish","type":"page","link":"https:\/\/pension-adelheid.com\/it\/informativa-sulla-privacy\/","title":{"rendered":"Informativa sulla privacy"},"content":{"rendered":"\t\t<div data-elementor-type=\"wp-page\" data-elementor-id=\"848\" class=\"elementor elementor-848 elementor-445\" data-elementor-post-type=\"page\">\n\t\t\t\t<div class=\"elementor-element elementor-element-82497e9 e-flex e-con-boxed e-con e-parent\" data-id=\"82497e9\" data-element_type=\"container\" data-e-type=\"container\">\n\t\t\t\t\t<div class=\"e-con-inner\">\n\t\t\t\t<div class=\"elementor-element elementor-element-b4650de elementor-widget elementor-widget-heading\" data-id=\"b4650de\" data-element_type=\"widget\" data-e-type=\"widget\" data-widget_type=\"heading.default\">\n\t\t\t\t<div class=\"elementor-widget-container\">\n\t\t\t\t\t<h2 class=\"elementor-heading-title elementor-size-default\">Informativa sulla privacy<\/h2>\t\t\t\t<\/div>\n\t\t\t\t<\/div>\n\t\t\t\t\t<\/div>\n\t\t\t\t<\/div>\n\t\t<div class=\"elementor-element elementor-element-37f6e45 e-flex e-con-boxed e-con e-parent\" data-id=\"37f6e45\" data-element_type=\"container\" data-e-type=\"container\">\n\t\t\t\t\t<div class=\"e-con-inner\">\n\t\t\t\t<div class=\"elementor-element elementor-element-7d392ee elementor-widget elementor-widget-text-editor\" data-id=\"7d392ee\" data-element_type=\"widget\" data-e-type=\"widget\" data-widget_type=\"text-editor.default\">\n\t\t\t\t<div class=\"elementor-widget-container\">\n\t\t\t\t\t\t\t\t\t<p><strong>Informativa sulla privacy<\/strong><\/p><p><strong>Responsabile della protezione dei dati<\/strong>: non \u00e8 necessario un responsabile della protezione dei dati<\/p><p>La protezione dei vostri dati personali ci sta particolarmente a cuore. Pertanto, trattiamo i vostri dati esclusivamente sulla base delle disposizioni di legge (GDPR, TKG 2003). In questa informativa sulla protezione dei dati, vi informiamo sugli aspetti pi\u00f9 importanti del trattamento dei dati nel contesto del nostro sito web.<\/p><p><strong> <\/strong><\/p><p><strong>Contatto con noi<\/strong><\/p><p><strong>Modulo di contatto:<\/strong> Trattamento dei dati per l&#8217;elaborazione delle richieste di informazioni (Art. 6 comma 1 lit. b GDPR).<\/p><p>Se ci contattate tramite il modulo sul sito web o via e-mail, i dati da voi forniti saranno da noi conservati per sei mesi allo scopo di elaborare la richiesta e in caso di domande successive. Non trasmettiamo questi dati senza il vostro consenso.<\/p><p><strong> <\/strong><\/p><p><strong>I vostri diritti<\/strong><\/p><p>In linea di principio, l&#8217;utente ha diritto all&#8217;informazione, alla rettifica, alla cancellazione, alla limitazione, alla portabilit\u00e0 dei dati, alla cancellazione e all&#8217;opposizione.<\/p><p>Per esercitare questi diritti, puoi contattarci in qualsiasi momento. Ti chiediamo di effettuare la richiesta per iscritto per confermare la tua identit\u00e0. La richiesta pu\u00f2 essere inoltrata tramite lettera raccomandata ai recapiti indicati di seguito.  <\/p><p>Se ritieni che il trattamento dei tuoi dati personali violi le leggi sulla protezione dei dati o che i tuoi diritti di protezione dei dati siano stati violati in qualsiasi altro modo, puoi presentare un reclamo all \u201cautorit\u00e0 di protezione dei dati. In Austria si tratta dell\u201d Autorit\u00e0 austriaca per la protezione dei dati: <\/p><p>Barichgasse 40-42, 1030 Vienna<br>Tel.: +43 1 52 152-0<br>E-mail: <a href=\"mailto:dsb@dsb.gv.at\">dsb@dsb.gv.at<\/a><br>Web: <a href=\"https:\/\/www.dsb.gv.at\">https:\/\/www.dsb.gv.at<\/a><\/p><p><strong> <\/strong><\/p><p><strong>Gestione dei cookie<\/strong><\/p><p>Utilizziamo lo strumento di consenso &#8220;Real Cookie Banner&#8221; per gestire i cookie e le tecnologie simili utilizzate (pixel di tracciamento, web beacon, ecc.) e i relativi consensi. I dettagli sul funzionamento di &#8220;Real Cookie Banner&#8221; sono disponibili all&#8217;indirizzo &lt;a href=&#8221;https:\/\/devowl.io\/de\/rcb\/datenverarbeitung\/&#8221; rel=&#8221;noreferrer&#8221; target=&#8221;_blank&#8221;&gt;https:\/\/devowl.io\/de\/rcb\/datenverarbeitung\/&lt;\/a&gt;. <\/p><p>La base giuridica per il trattamento dei dati personali in questo contesto \u00e8 l&#8217;art. 6, comma 1, lettera a). 1 lit. c GDPR e art. 6 par. 1 lit. f GDPR. Il nostro interesse legittimo \u00e8 la gestione dei cookie e delle tecnologie simili utilizzate e i relativi consensi.<\/p><p>Il conferimento dei dati personali non \u00e8 n\u00e9 contrattualmente richiesto n\u00e9 necessario per la conclusione di un contratto. L&#8217;utente non \u00e8 obbligato a fornire i dati personali. Se non fornite i dati personali, non saremo in grado di gestire i vostri consensi.<\/p><p> <\/p><p><strong>Google Maps<\/strong><\/p><p>Il nostro sito web utilizza Google Maps per visualizzare mappe interattive e fornire indicazioni stradali. Google Maps \u00e8 un servizio fornito da Google LLC (1600 Amphitheatre Parkway, Mountain View, CA 94043, USA). Utilizzando Google Maps, le informazioni sull \u201cutilizzo del sito web da parte dell\u201d utente, compreso l \u201cindirizzo IP e i dati dell\u201d indirizzo inserito (se si inserisce un indirizzo nel campo di Google Maps), vengono trasmesse a Google negli Stati Uniti e memorizzate.  <\/p><p>L&#8217;utilizzo di Google Maps \u00e8 finalizzato a una presentazione accattivante delle nostre offerte online e a facilitare la ricerca dei luoghi da noi indicati sul sito web. Ci\u00f2 costituisce un interesse legittimo in conformit\u00e0 con   <strong>Art. 6 par. 1 lit. f GDPR<\/strong>  rappresentare.<\/p><p>Google pu\u00f2 trasferire queste informazioni a terzi qualora ci\u00f2 sia richiesto dalla legge o qualora tali terzi trattino le informazioni per conto di Google. Una descrizione dettagliata del trattamento dei dati da parte di Google \u00e8 disponibile nell&#8217;<strong>informativa sulla privacy di Google:<\/strong> https:\/\/policies.google.com\/privacy?hl=de. <\/p><p>Se desideri impedire il trasferimento dei dati a Google, puoi impedire l&#8217;utilizzo di Google Maps disattivando la funzione JavaScript nel tuo browser. Tuttavia, desideriamo sottolineare che in questo caso la visualizzazione della mappa non pu\u00f2 essere visualizzata o pu\u00f2 essere visualizzata solo in modo limitato. <\/p><p> <\/p><p><strong>Processo decisionale automatizzato e profilazione<\/strong><\/p><p>Su questo sito web non viene utilizzato alcun processo decisionale automatizzato, compresa la profilazione.<\/p><p><strong>Potete contattarci ai seguenti recapiti<\/strong>:<\/p><p><strong>Pensione Adelheid<\/strong><br>Angelika Niederegger<br>A 9920 Sillian 140<\/p><p>Email: <a href=\"mailto:willkommen@pension-adelheid.com\">willkommen@pension-adelheid.com<\/a> <br>Telefono: +434842 6286<br>Fax: +434842 62865<\/p>\t\t\t\t\t\t\t\t<\/div>\n\t\t\t\t<\/div>\n\t\t\t\t\t<\/div>\n\t\t\t\t<\/div>\n\t\t\t\t<\/div>\n\t\t","protected":false},"excerpt":{"rendered":"<p>Informativa sulla privacy Informativa sulla privacy Responsabile della protezione dei dati: non \u00e8 necessario un responsabile della protezione dei dati La protezione dei vostri dati personali ci sta particolarmente a cuore. Pertanto, trattiamo i vostri dati esclusivamente sulla base delle disposizioni di legge (GDPR, TKG 2003). In questa informativa sulla protezione dei dati, vi informiamo [&hellip;]<\/p>\n","protected":false},"author":2,"featured_media":0,"parent":0,"menu_order":0,"comment_status":"closed","ping_status":"closed","template":"elementor_header_footer","meta":{"footnotes":""},"class_list":["post-848","page","type-page","status-publish","hentry","entry"],"yoast_head":"<!-- This site is optimized with the Yoast SEO plugin v27.3 - https:\/\/yoast.com\/product\/yoast-seo-wordpress\/ -->\n<title>Informativa sulla privacy - Pension Adelheid<\/title>\n<meta name=\"robots\" content=\"noindex, nofollow\" \/>\n<meta property=\"og:locale\" content=\"it_IT\" \/>\n<meta property=\"og:type\" content=\"article\" \/>\n<meta property=\"og:title\" content=\"Informativa sulla privacy - Pension Adelheid\" \/>\n<meta property=\"og:description\" content=\"Informativa sulla privacy Informativa sulla privacy Responsabile della protezione dei dati: non \u00e8 necessario un responsabile della protezione dei dati La protezione dei vostri dati personali ci sta particolarmente a cuore. Pertanto, trattiamo i vostri dati esclusivamente sulla base delle disposizioni di legge (GDPR, TKG 2003). In questa informativa sulla protezione dei dati, vi informiamo [&hellip;]\" \/>\n<meta property=\"og:url\" content=\"https:\/\/pension-adelheid.com\/it\/informativa-sulla-privacy\/\" \/>\n<meta property=\"og:site_name\" content=\"Pension Adelheid\" \/>\n<meta property=\"article:modified_time\" content=\"2025-06-17T10:00:18+00:00\" \/>\n<meta name=\"twitter:card\" content=\"summary_large_image\" \/>\n<meta name=\"twitter:label1\" content=\"Tempo di lettura stimato\" \/>\n\t<meta name=\"twitter:data1\" content=\"3 minuti\" \/>\n<script type=\"application\/ld+json\" class=\"yoast-schema-graph\">{\"@context\":\"https:\\\/\\\/schema.org\",\"@graph\":[{\"@type\":\"WebPage\",\"@id\":\"https:\\\/\\\/pension-adelheid.com\\\/it\\\/informativa-sulla-privacy\\\/\",\"url\":\"https:\\\/\\\/pension-adelheid.com\\\/it\\\/informativa-sulla-privacy\\\/\",\"name\":\"Informativa sulla privacy - Pension Adelheid\",\"isPartOf\":{\"@id\":\"https:\\\/\\\/pension-adelheid.com\\\/it\\\/#website\"},\"datePublished\":\"2024-02-29T10:36:11+00:00\",\"dateModified\":\"2025-06-17T10:00:18+00:00\",\"breadcrumb\":{\"@id\":\"https:\\\/\\\/pension-adelheid.com\\\/it\\\/informativa-sulla-privacy\\\/#breadcrumb\"},\"inLanguage\":\"it-IT\",\"potentialAction\":[{\"@type\":\"ReadAction\",\"target\":[\"https:\\\/\\\/pension-adelheid.com\\\/it\\\/informativa-sulla-privacy\\\/\"]}]},{\"@type\":\"BreadcrumbList\",\"@id\":\"https:\\\/\\\/pension-adelheid.com\\\/it\\\/informativa-sulla-privacy\\\/#breadcrumb\",\"itemListElement\":[{\"@type\":\"ListItem\",\"position\":1,\"name\":\"Startseite\",\"item\":\"https:\\\/\\\/pension-adelheid.com\\\/it\\\/\"},{\"@type\":\"ListItem\",\"position\":2,\"name\":\"Informativa sulla privacy\"}]},{\"@type\":\"WebSite\",\"@id\":\"https:\\\/\\\/pension-adelheid.com\\\/it\\\/#website\",\"url\":\"https:\\\/\\\/pension-adelheid.com\\\/it\\\/\",\"name\":\"Pension Adelheid\",\"description\":\"Zimmer in Sillian \\\/ Osttirol\",\"publisher\":{\"@id\":\"https:\\\/\\\/pension-adelheid.com\\\/it\\\/#organization\"},\"potentialAction\":[{\"@type\":\"SearchAction\",\"target\":{\"@type\":\"EntryPoint\",\"urlTemplate\":\"https:\\\/\\\/pension-adelheid.com\\\/it\\\/?s={search_term_string}\"},\"query-input\":{\"@type\":\"PropertyValueSpecification\",\"valueRequired\":true,\"valueName\":\"search_term_string\"}}],\"inLanguage\":\"it-IT\"},{\"@type\":\"Organization\",\"@id\":\"https:\\\/\\\/pension-adelheid.com\\\/it\\\/#organization\",\"name\":\"Pension Adelheid\",\"url\":\"https:\\\/\\\/pension-adelheid.com\\\/it\\\/\",\"logo\":{\"@type\":\"ImageObject\",\"inLanguage\":\"it-IT\",\"@id\":\"https:\\\/\\\/pension-adelheid.com\\\/it\\\/#\\\/schema\\\/logo\\\/image\\\/\",\"url\":\"https:\\\/\\\/pension-adelheid.com\\\/wp-content\\\/uploads\\\/2024\\\/01\\\/Logo_transparent.png\",\"contentUrl\":\"https:\\\/\\\/pension-adelheid.com\\\/wp-content\\\/uploads\\\/2024\\\/01\\\/Logo_transparent.png\",\"width\":577,\"height\":310,\"caption\":\"Pension Adelheid\"},\"image\":{\"@id\":\"https:\\\/\\\/pension-adelheid.com\\\/it\\\/#\\\/schema\\\/logo\\\/image\\\/\"}}]}<\/script>\n<!-- \/ Yoast SEO plugin. -->","yoast_head_json":{"title":"Informativa sulla privacy - Pension Adelheid","robots":{"index":"noindex","follow":"nofollow"},"og_locale":"it_IT","og_type":"article","og_title":"Informativa sulla privacy - Pension Adelheid","og_description":"Informativa sulla privacy Informativa sulla privacy Responsabile della protezione dei dati: non \u00e8 necessario un responsabile della protezione dei dati La protezione dei vostri dati personali ci sta particolarmente a cuore. Pertanto, trattiamo i vostri dati esclusivamente sulla base delle disposizioni di legge (GDPR, TKG 2003). In questa informativa sulla protezione dei dati, vi informiamo [&hellip;]","og_url":"https:\/\/pension-adelheid.com\/it\/informativa-sulla-privacy\/","og_site_name":"Pension Adelheid","article_modified_time":"2025-06-17T10:00:18+00:00","twitter_card":"summary_large_image","twitter_misc":{"Tempo di lettura stimato":"3 minuti"},"schema":{"@context":"https:\/\/schema.org","@graph":[{"@type":"WebPage","@id":"https:\/\/pension-adelheid.com\/it\/informativa-sulla-privacy\/","url":"https:\/\/pension-adelheid.com\/it\/informativa-sulla-privacy\/","name":"Informativa sulla privacy - Pension Adelheid","isPartOf":{"@id":"https:\/\/pension-adelheid.com\/it\/#website"},"datePublished":"2024-02-29T10:36:11+00:00","dateModified":"2025-06-17T10:00:18+00:00","breadcrumb":{"@id":"https:\/\/pension-adelheid.com\/it\/informativa-sulla-privacy\/#breadcrumb"},"inLanguage":"it-IT","potentialAction":[{"@type":"ReadAction","target":["https:\/\/pension-adelheid.com\/it\/informativa-sulla-privacy\/"]}]},{"@type":"BreadcrumbList","@id":"https:\/\/pension-adelheid.com\/it\/informativa-sulla-privacy\/#breadcrumb","itemListElement":[{"@type":"ListItem","position":1,"name":"Startseite","item":"https:\/\/pension-adelheid.com\/it\/"},{"@type":"ListItem","position":2,"name":"Informativa sulla privacy"}]},{"@type":"WebSite","@id":"https:\/\/pension-adelheid.com\/it\/#website","url":"https:\/\/pension-adelheid.com\/it\/","name":"Pension Adelheid","description":"Zimmer in Sillian \/ Osttirol","publisher":{"@id":"https:\/\/pension-adelheid.com\/it\/#organization"},"potentialAction":[{"@type":"SearchAction","target":{"@type":"EntryPoint","urlTemplate":"https:\/\/pension-adelheid.com\/it\/?s={search_term_string}"},"query-input":{"@type":"PropertyValueSpecification","valueRequired":true,"valueName":"search_term_string"}}],"inLanguage":"it-IT"},{"@type":"Organization","@id":"https:\/\/pension-adelheid.com\/it\/#organization","name":"Pension Adelheid","url":"https:\/\/pension-adelheid.com\/it\/","logo":{"@type":"ImageObject","inLanguage":"it-IT","@id":"https:\/\/pension-adelheid.com\/it\/#\/schema\/logo\/image\/","url":"https:\/\/pension-adelheid.com\/wp-content\/uploads\/2024\/01\/Logo_transparent.png","contentUrl":"https:\/\/pension-adelheid.com\/wp-content\/uploads\/2024\/01\/Logo_transparent.png","width":577,"height":310,"caption":"Pension Adelheid"},"image":{"@id":"https:\/\/pension-adelheid.com\/it\/#\/schema\/logo\/image\/"}}]}},"_links":{"self":[{"href":"https:\/\/pension-adelheid.com\/it\/wp-json\/wp\/v2\/pages\/848","targetHints":{"allow":["GET"]}}],"collection":[{"href":"https:\/\/pension-adelheid.com\/it\/wp-json\/wp\/v2\/pages"}],"about":[{"href":"https:\/\/pension-adelheid.com\/it\/wp-json\/wp\/v2\/types\/page"}],"author":[{"embeddable":true,"href":"https:\/\/pension-adelheid.com\/it\/wp-json\/wp\/v2\/users\/2"}],"replies":[{"embeddable":true,"href":"https:\/\/pension-adelheid.com\/it\/wp-json\/wp\/v2\/comments?post=848"}],"version-history":[{"count":2,"href":"https:\/\/pension-adelheid.com\/it\/wp-json\/wp\/v2\/pages\/848\/revisions"}],"predecessor-version":[{"id":1236,"href":"https:\/\/pension-adelheid.com\/it\/wp-json\/wp\/v2\/pages\/848\/revisions\/1236"}],"wp:attachment":[{"href":"https:\/\/pension-adelheid.com\/it\/wp-json\/wp\/v2\/media?parent=848"}],"curies":[{"name":"wp","href":"https:\/\/api.w.org\/{rel}","templated":true}]}}