{"id":807,"date":"2024-02-29T11:33:24","date_gmt":"2024-02-29T10:33:24","guid":{"rendered":"https:\/\/pension-adelheid.com\/impronta\/"},"modified":"2025-06-17T11:59:57","modified_gmt":"2025-06-17T09:59:57","slug":"impronta","status":"publish","type":"page","link":"https:\/\/pension-adelheid.com\/it\/impronta\/","title":{"rendered":"Impronta"},"content":{"rendered":"\t\t<div data-elementor-type=\"wp-page\" data-elementor-id=\"807\" class=\"elementor elementor-807 elementor-434\" data-elementor-post-type=\"page\">\n\t\t\t\t<div class=\"elementor-element elementor-element-bd806d4 e-flex e-con-boxed e-con e-parent\" data-id=\"bd806d4\" data-element_type=\"container\" data-e-type=\"container\">\n\t\t\t\t\t<div class=\"e-con-inner\">\n\t\t\t\t<div class=\"elementor-element elementor-element-52651b1 elementor-widget elementor-widget-heading\" data-id=\"52651b1\" data-element_type=\"widget\" data-e-type=\"widget\" data-widget_type=\"heading.default\">\n\t\t\t\t<div class=\"elementor-widget-container\">\n\t\t\t\t\t<h2 class=\"elementor-heading-title elementor-size-default\">Impronta<\/h2>\t\t\t\t<\/div>\n\t\t\t\t<\/div>\n\t\t\t\t<div class=\"elementor-element elementor-element-d666f04 elementor-widget elementor-widget-text-editor\" data-id=\"d666f04\" data-element_type=\"widget\" data-e-type=\"widget\" data-widget_type=\"text-editor.default\">\n\t\t\t\t<div class=\"elementor-widget-container\">\n\t\t\t\t\t\t\t\t\t<section class=\"elementor-section elementor-top-section elementor-element elementor-element-0e6317e elementor-section-boxed elementor-section-height-default elementor-section-height-default\" data-id=\"0e6317e\" data-element_type=\"section\"><div class=\"elementor-container elementor-column-gap-default\"><div class=\"elementor-column elementor-col-50 elementor-top-column elementor-element elementor-element-10f0a92\" data-id=\"10f0a92\" data-element_type=\"column\"><div class=\"elementor-widget-wrap elementor-element-populated\"><div class=\"elementor-element elementor-element-be63379 elementor-widget elementor-widget-text-editor\" data-id=\"be63379\" data-element_type=\"widget\" data-widget_type=\"text-editor.default\"><div class=\"elementor-widget-container\"><p><strong>Responsabile del contenuto<\/strong><\/p><div><p class=\"wa_style_jbalxqcw1duorfu3yo\"><strong>Pensione Adelheid<\/strong><br>Angelika Niederegger<br>A 9920 Sillian 140<\/p><p>Email: <a href=\"mailto:willkommen@pension-adelheid.com\">willkommen@pension-adelheid.com<\/a> <br>Telefono: +434842 6286<br>Fax: +434842 62865<\/p><p class=\"wa_style_jbalxqcw1duorfu3yo\">Persona di contatto \/ Rappresentato da: Niederegger Angelika<\/p><p>Registro commerciale: 7075397<\/p><p>Numero di riferimento: 2.0 A-3782\/04<\/p><p>Membro di: WKO-Tirolo<\/p><p>Autorit\u00e0 di vigilanza: BH Lienz<\/p><p>Oggetto sociale: Attivit\u00e0 di ospitalit\u00e0 ai sensi del \u00a794Z26 GewO1994 con autorizzazione ai sensi del \u00a7MAbs121 e 2, limitatamente all&#8217;ospitalit\u00e0 di ospiti nel tipo di attivit\u00e0 di pensione.<\/p><\/div><\/div><\/div><\/div><\/div><div class=\"elementor-column elementor-col-50 elementor-top-column elementor-element elementor-element-cb50ef3\" data-id=\"cb50ef3\" data-element_type=\"column\"><div class=\"elementor-widget-wrap elementor-element-populated\"><div class=\"elementor-element elementor-element-eb06033 elementor-widget elementor-widget-text-editor\" data-id=\"eb06033\" data-element_type=\"widget\" data-widget_type=\"text-editor.default\"><div class=\"elementor-widget-container\"><p class=\"sppb-addon-title\"><strong>Concetto, layout, programmazione<\/strong><\/p><div class=\"sppb-addon-content\"><p>Alphamedia Tirol GmbH<br>Aue 185 b | A-9920 Sillian<br><a href=\"http:\/\/www.alphamedia.tirol\">www.alphamedia.tirol<\/a><\/p><\/div><\/div><\/div><\/div><\/div><\/div><\/section><section class=\"elementor-section elementor-top-section elementor-element elementor-element-d6274f9 elementor-section-boxed elementor-section-height-default elementor-section-height-default\" data-id=\"d6274f9\" data-element_type=\"section\"><div class=\"elementor-container elementor-column-gap-default\"><div class=\"elementor-column elementor-col-100 elementor-top-column elementor-element elementor-element-476bb581\" data-id=\"476bb581\" data-element_type=\"column\"><div class=\"elementor-widget-wrap elementor-element-populated\"><div class=\"elementor-element elementor-element-04a6737 elementor-widget elementor-widget-text-editor\" data-id=\"04a6737\" data-element_type=\"widget\" data-widget_type=\"text-editor.default\"><div class=\"elementor-widget-container\"><h2><strong>Dichiarazione di non responsabilit\u00e0<\/strong><\/h2><p><strong>Responsabilit\u00e0 per i contenuti<\/strong><\/p><p>I contenuti delle nostre pagine sono stati creati con la massima cura. Tuttavia, non possiamo assumerci alcuna responsabilit\u00e0 per la correttezza, la completezza e l&#8217;attualit\u00e0 dei contenuti. In qualit\u00e0 di fornitore di servizi, siamo obbligati ai sensi del \u00a7 7 comma 1 TMG \u00e8 responsabile dei propri contenuti su queste pagine in base alle leggi generali. Ai sensi dei \u00a7\u00a7 8-10 TMG, tuttavia, in qualit\u00e0 di fornitore di servizi non siamo obbligati a monitorare le informazioni trasmesse o memorizzate da terzi o a indagare su circostanze che indicano un&#8217;attivit\u00e0 illegale. Gli obblighi di rimuovere o bloccare l&#8217;uso delle informazioni in conformit\u00e0 alla legislazione generale rimangono inalterati. Tuttavia, la responsabilit\u00e0 in questo senso \u00e8 possibile solo a partire dal momento in cui si viene a conoscenza di una specifica violazione. Non appena verremo a conoscenza di tali violazioni, rimuoveremo immediatamente tali contenuti.<\/p><p><strong>Responsabilit\u00e0 per i link<\/strong><\/p><p>Il nostro sito web contiene link a siti web esterni di terzi sui cui contenuti non abbiamo alcuna influenza. Pertanto, non possiamo accettare alcuna responsabilit\u00e0 per questi contenuti di terzi. Il rispettivo fornitore o gestore delle pagine \u00e8 sempre responsabile del contenuto delle pagine collegate. Le pagine collegate sono state controllate per verificare eventuali violazioni legali al momento del collegamento. I contenuti illegali non erano riconoscibili al momento del collegamento. Tuttavia, il monitoraggio permanente del contenuto delle pagine collegate non \u00e8 ragionevole senza prove concrete di una violazione. Se veniamo a conoscenza di eventuali violazioni legali, rimuoveremo immediatamente tali link.<\/p><p><strong>Copyright<\/strong><\/p><p>I contenuti e le opere create dagli operatori del sito su queste pagine sono soggetti alla legge austriaca sul copyright. La riproduzione, la modifica, la distribuzione e qualsiasi tipo di utilizzo al di fuori dei limiti della legge sul copyright richiedono il consenso scritto del rispettivo autore o creatore. Download e copie di questo sito sono consentiti solo per uso privato e non commerciale. Nella misura in cui i contenuti di questo sito non sono stati creati dall&#8217;operatore, si rispettano i diritti d&#8217;autore di terzi. In particolare, i contenuti di terze parti sono etichettati come tali. Se tuttavia doveste venire a conoscenza di una violazione del copyright, vi preghiamo di informarci di conseguenza. Se veniamo a conoscenza di eventuali violazioni legali, rimuoveremo immediatamente tali contenuti.<\/p><p><strong>Protezione dei dati<\/strong><\/p><p>L&#8217;utilizzo del nostro sito web \u00e8 generalmente possibile senza fornire dati personali. Nella misura in cui sul nostro sito web vengono raccolti dati personali (ad esempio nome, indirizzo o indirizzi e-mail), ci\u00f2 avviene sempre, per quanto possibile, su base volontaria. Questi dati non saranno trasmessi a terzi senza il vostro esplicito consenso.  <br>Desideriamo sottolineare che la trasmissione di dati su Internet (ad esempio, la comunicazione via e-mail) pu\u00f2 presentare lacune nella sicurezza. Non \u00e8 possibile proteggere completamente i dati dall&#8217;accesso di terzi.  <br>Con la presente si vieta espressamente l&#8217;utilizzo dei dati di contatto pubblicati nell&#8217;ambito dell&#8217;obbligo di imprinting da parte di terzi per l&#8217;invio di materiale pubblicitario e informativo non richiesto. I gestori di questo sito web si riservano espressamente il diritto di intraprendere azioni legali in caso di invio non richiesto di informazioni pubblicitarie, come ad esempio e-mail di spam.<\/p><p><strong>Google Analytics<\/strong><\/p><p>Questo sito web utilizza Google Analytics, un servizio di analisi web fornito da Google Inc. (\u201cGoogle\u201d). Google Analytics utilizza dei \u201ccookies\u201d, ovvero dei file di testo che vengono depositati sul tuo computer per consentire al sito web di analizzare come gli utenti utilizzano il sito.  Le informazioni generate dal cookie sull&#8217;utilizzo del sito web da parte dell&#8217;utente (compreso il suo indirizzo IP) verranno trasmesse e memorizzate da Google su un server negli Stati Uniti. Google utilizzer\u00e0 queste informazioni per valutare l&#8217;utilizzo del sito web da parte dell&#8217;utente, per redigere rapporti sulle attivit\u00e0 del sito web per gli operatori del sito e per fornire altri servizi relativi alle attivit\u00e0 del sito web e all&#8217;utilizzo di Internet. Google pu\u00f2 anche trasferire queste informazioni a terzi, se ci\u00f2 \u00e8 richiesto dalla legge o se tali terzi elaborano le informazioni per conto di Google. Google non assocer\u00e0 il vostro indirizzo IP a nessun altro dato posseduto da Google. L&#8217;utente pu\u00f2 rifiutare l&#8217;uso dei cookie selezionando l&#8217;impostazione appropriata sul proprio browser, ma si prega di notare che in tal caso potrebbe non essere in grado di utilizzare tutte le funzionalit\u00e0 di questo sito web. Utilizzando il presente sito web, acconsentite al trattamento dei vostri dati da parte di Google per le modalit\u00e0 e i fini sopraindicati.<\/p><p><strong>Foto<\/strong><\/p><p class=\"wa_style_jbalxqcw1duorfu3yo\">Pensione Adelheid<br>Unsplash<\/p><\/div><\/div><\/div><\/div><\/div><\/section>\t\t\t\t\t\t\t\t<\/div>\n\t\t\t\t<\/div>\n\t\t\t\t\t<\/div>\n\t\t\t\t<\/div>\n\t\t\t\t<\/div>\n\t\t","protected":false},"excerpt":{"rendered":"<p>Impronta Responsabile del contenuto Pensione AdelheidAngelika NiedereggerA 9920 Sillian 140 Email: willkommen@pension-adelheid.com Telefono: +434842 6286Fax: +434842 62865 Persona di contatto \/ Rappresentato da: Niederegger Angelika Registro commerciale: 7075397 Numero di riferimento: 2.0 A-3782\/04 Membro di: WKO-Tirolo Autorit\u00e0 di vigilanza: BH Lienz Oggetto sociale: Attivit\u00e0 di ospitalit\u00e0 ai sensi del \u00a794Z26 GewO1994 con autorizzazione ai sensi [&hellip;]<\/p>\n","protected":false},"author":2,"featured_media":0,"parent":0,"menu_order":0,"comment_status":"closed","ping_status":"closed","template":"elementor_header_footer","meta":{"footnotes":""},"class_list":["post-807","page","type-page","status-publish","hentry","entry"],"yoast_head":"<!-- This site is optimized with the Yoast SEO plugin v27.3 - https:\/\/yoast.com\/product\/yoast-seo-wordpress\/ -->\n<title>Impronta - Pension Adelheid<\/title>\n<meta name=\"robots\" content=\"noindex, nofollow\" \/>\n<meta property=\"og:locale\" content=\"it_IT\" \/>\n<meta property=\"og:type\" content=\"article\" \/>\n<meta property=\"og:title\" content=\"Impronta - Pension Adelheid\" \/>\n<meta property=\"og:description\" content=\"Impronta Responsabile del contenuto Pensione AdelheidAngelika NiedereggerA 9920 Sillian 140 Email: willkommen@pension-adelheid.com Telefono: +434842 6286Fax: +434842 62865 Persona di contatto \/ Rappresentato da: Niederegger Angelika Registro commerciale: 7075397 Numero di riferimento: 2.0 A-3782\/04 Membro di: WKO-Tirolo Autorit\u00e0 di vigilanza: BH Lienz Oggetto sociale: Attivit\u00e0 di ospitalit\u00e0 ai sensi del \u00a794Z26 GewO1994 con autorizzazione ai sensi [&hellip;]\" \/>\n<meta property=\"og:url\" content=\"https:\/\/pension-adelheid.com\/it\/impronta\/\" \/>\n<meta property=\"og:site_name\" content=\"Pension Adelheid\" \/>\n<meta property=\"article:modified_time\" content=\"2025-06-17T09:59:57+00:00\" \/>\n<meta name=\"twitter:card\" content=\"summary_large_image\" \/>\n<meta name=\"twitter:label1\" content=\"Tempo di lettura stimato\" \/>\n\t<meta name=\"twitter:data1\" content=\"4 minuti\" \/>\n<script type=\"application\/ld+json\" class=\"yoast-schema-graph\">{\"@context\":\"https:\\\/\\\/schema.org\",\"@graph\":[{\"@type\":\"WebPage\",\"@id\":\"https:\\\/\\\/pension-adelheid.com\\\/it\\\/impronta\\\/\",\"url\":\"https:\\\/\\\/pension-adelheid.com\\\/it\\\/impronta\\\/\",\"name\":\"Impronta - Pension Adelheid\",\"isPartOf\":{\"@id\":\"https:\\\/\\\/pension-adelheid.com\\\/it\\\/#website\"},\"datePublished\":\"2024-02-29T10:33:24+00:00\",\"dateModified\":\"2025-06-17T09:59:57+00:00\",\"breadcrumb\":{\"@id\":\"https:\\\/\\\/pension-adelheid.com\\\/it\\\/impronta\\\/#breadcrumb\"},\"inLanguage\":\"it-IT\",\"potentialAction\":[{\"@type\":\"ReadAction\",\"target\":[\"https:\\\/\\\/pension-adelheid.com\\\/it\\\/impronta\\\/\"]}]},{\"@type\":\"BreadcrumbList\",\"@id\":\"https:\\\/\\\/pension-adelheid.com\\\/it\\\/impronta\\\/#breadcrumb\",\"itemListElement\":[{\"@type\":\"ListItem\",\"position\":1,\"name\":\"Startseite\",\"item\":\"https:\\\/\\\/pension-adelheid.com\\\/it\\\/\"},{\"@type\":\"ListItem\",\"position\":2,\"name\":\"Impronta\"}]},{\"@type\":\"WebSite\",\"@id\":\"https:\\\/\\\/pension-adelheid.com\\\/it\\\/#website\",\"url\":\"https:\\\/\\\/pension-adelheid.com\\\/it\\\/\",\"name\":\"Pension Adelheid\",\"description\":\"Zimmer in Sillian \\\/ Osttirol\",\"publisher\":{\"@id\":\"https:\\\/\\\/pension-adelheid.com\\\/it\\\/#organization\"},\"potentialAction\":[{\"@type\":\"SearchAction\",\"target\":{\"@type\":\"EntryPoint\",\"urlTemplate\":\"https:\\\/\\\/pension-adelheid.com\\\/it\\\/?s={search_term_string}\"},\"query-input\":{\"@type\":\"PropertyValueSpecification\",\"valueRequired\":true,\"valueName\":\"search_term_string\"}}],\"inLanguage\":\"it-IT\"},{\"@type\":\"Organization\",\"@id\":\"https:\\\/\\\/pension-adelheid.com\\\/it\\\/#organization\",\"name\":\"Pension Adelheid\",\"url\":\"https:\\\/\\\/pension-adelheid.com\\\/it\\\/\",\"logo\":{\"@type\":\"ImageObject\",\"inLanguage\":\"it-IT\",\"@id\":\"https:\\\/\\\/pension-adelheid.com\\\/it\\\/#\\\/schema\\\/logo\\\/image\\\/\",\"url\":\"https:\\\/\\\/pension-adelheid.com\\\/wp-content\\\/uploads\\\/2024\\\/01\\\/Logo_transparent.png\",\"contentUrl\":\"https:\\\/\\\/pension-adelheid.com\\\/wp-content\\\/uploads\\\/2024\\\/01\\\/Logo_transparent.png\",\"width\":577,\"height\":310,\"caption\":\"Pension Adelheid\"},\"image\":{\"@id\":\"https:\\\/\\\/pension-adelheid.com\\\/it\\\/#\\\/schema\\\/logo\\\/image\\\/\"}}]}<\/script>\n<!-- \/ Yoast SEO plugin. -->","yoast_head_json":{"title":"Impronta - Pension Adelheid","robots":{"index":"noindex","follow":"nofollow"},"og_locale":"it_IT","og_type":"article","og_title":"Impronta - Pension Adelheid","og_description":"Impronta Responsabile del contenuto Pensione AdelheidAngelika NiedereggerA 9920 Sillian 140 Email: willkommen@pension-adelheid.com Telefono: +434842 6286Fax: +434842 62865 Persona di contatto \/ Rappresentato da: Niederegger Angelika Registro commerciale: 7075397 Numero di riferimento: 2.0 A-3782\/04 Membro di: WKO-Tirolo Autorit\u00e0 di vigilanza: BH Lienz Oggetto sociale: Attivit\u00e0 di ospitalit\u00e0 ai sensi del \u00a794Z26 GewO1994 con autorizzazione ai sensi [&hellip;]","og_url":"https:\/\/pension-adelheid.com\/it\/impronta\/","og_site_name":"Pension Adelheid","article_modified_time":"2025-06-17T09:59:57+00:00","twitter_card":"summary_large_image","twitter_misc":{"Tempo di lettura stimato":"4 minuti"},"schema":{"@context":"https:\/\/schema.org","@graph":[{"@type":"WebPage","@id":"https:\/\/pension-adelheid.com\/it\/impronta\/","url":"https:\/\/pension-adelheid.com\/it\/impronta\/","name":"Impronta - Pension Adelheid","isPartOf":{"@id":"https:\/\/pension-adelheid.com\/it\/#website"},"datePublished":"2024-02-29T10:33:24+00:00","dateModified":"2025-06-17T09:59:57+00:00","breadcrumb":{"@id":"https:\/\/pension-adelheid.com\/it\/impronta\/#breadcrumb"},"inLanguage":"it-IT","potentialAction":[{"@type":"ReadAction","target":["https:\/\/pension-adelheid.com\/it\/impronta\/"]}]},{"@type":"BreadcrumbList","@id":"https:\/\/pension-adelheid.com\/it\/impronta\/#breadcrumb","itemListElement":[{"@type":"ListItem","position":1,"name":"Startseite","item":"https:\/\/pension-adelheid.com\/it\/"},{"@type":"ListItem","position":2,"name":"Impronta"}]},{"@type":"WebSite","@id":"https:\/\/pension-adelheid.com\/it\/#website","url":"https:\/\/pension-adelheid.com\/it\/","name":"Pension Adelheid","description":"Zimmer in Sillian \/ Osttirol","publisher":{"@id":"https:\/\/pension-adelheid.com\/it\/#organization"},"potentialAction":[{"@type":"SearchAction","target":{"@type":"EntryPoint","urlTemplate":"https:\/\/pension-adelheid.com\/it\/?s={search_term_string}"},"query-input":{"@type":"PropertyValueSpecification","valueRequired":true,"valueName":"search_term_string"}}],"inLanguage":"it-IT"},{"@type":"Organization","@id":"https:\/\/pension-adelheid.com\/it\/#organization","name":"Pension Adelheid","url":"https:\/\/pension-adelheid.com\/it\/","logo":{"@type":"ImageObject","inLanguage":"it-IT","@id":"https:\/\/pension-adelheid.com\/it\/#\/schema\/logo\/image\/","url":"https:\/\/pension-adelheid.com\/wp-content\/uploads\/2024\/01\/Logo_transparent.png","contentUrl":"https:\/\/pension-adelheid.com\/wp-content\/uploads\/2024\/01\/Logo_transparent.png","width":577,"height":310,"caption":"Pension Adelheid"},"image":{"@id":"https:\/\/pension-adelheid.com\/it\/#\/schema\/logo\/image\/"}}]}},"_links":{"self":[{"href":"https:\/\/pension-adelheid.com\/it\/wp-json\/wp\/v2\/pages\/807","targetHints":{"allow":["GET"]}}],"collection":[{"href":"https:\/\/pension-adelheid.com\/it\/wp-json\/wp\/v2\/pages"}],"about":[{"href":"https:\/\/pension-adelheid.com\/it\/wp-json\/wp\/v2\/types\/page"}],"author":[{"embeddable":true,"href":"https:\/\/pension-adelheid.com\/it\/wp-json\/wp\/v2\/users\/2"}],"replies":[{"embeddable":true,"href":"https:\/\/pension-adelheid.com\/it\/wp-json\/wp\/v2\/comments?post=807"}],"version-history":[{"count":2,"href":"https:\/\/pension-adelheid.com\/it\/wp-json\/wp\/v2\/pages\/807\/revisions"}],"predecessor-version":[{"id":1231,"href":"https:\/\/pension-adelheid.com\/it\/wp-json\/wp\/v2\/pages\/807\/revisions\/1231"}],"wp:attachment":[{"href":"https:\/\/pension-adelheid.com\/it\/wp-json\/wp\/v2\/media?parent=807"}],"curies":[{"name":"wp","href":"https:\/\/api.w.org\/{rel}","templated":true}]}}