{"id":1241,"date":"2025-07-30T10:23:23","date_gmt":"2025-07-30T08:23:23","guid":{"rendered":"https:\/\/pension-adelheid.com\/accessibilita\/"},"modified":"2025-07-30T10:26:17","modified_gmt":"2025-07-30T08:26:17","slug":"accessibilita","status":"publish","type":"page","link":"https:\/\/pension-adelheid.com\/it\/accessibilita\/","title":{"rendered":"Accessibilit\u00e0"},"content":{"rendered":"\t\t<div data-elementor-type=\"wp-page\" data-elementor-id=\"1241\" class=\"elementor elementor-1241 elementor-1238\" data-elementor-post-type=\"page\">\n\t\t\t\t<div class=\"elementor-element elementor-element-447e27e e-flex e-con-boxed e-con e-parent\" data-id=\"447e27e\" data-element_type=\"container\" data-e-type=\"container\">\n\t\t\t\t\t<div class=\"e-con-inner\">\n\t\t\t\t<div class=\"elementor-element elementor-element-636734c elementor-widget elementor-widget-heading\" data-id=\"636734c\" data-element_type=\"widget\" data-e-type=\"widget\" data-widget_type=\"heading.default\">\n\t\t\t\t<div class=\"elementor-widget-container\">\n\t\t\t\t\t<h2 class=\"elementor-heading-title elementor-size-default\">Dichiarazione sull'accessibilit\u00e0<\/h2>\t\t\t\t<\/div>\n\t\t\t\t<\/div>\n\t\t\t\t<div class=\"elementor-element elementor-element-6a6dfb3 elementor-widget elementor-widget-text-editor\" data-id=\"6a6dfb3\" data-element_type=\"widget\" data-e-type=\"widget\" data-widget_type=\"text-editor.default\">\n\t\t\t\t<div class=\"elementor-widget-container\">\n\t\t\t\t\t\t\t\t\t<p>Questo sito web non \u00e8 obbligato a rispettare i requisiti di accessibilit\u00e0 della Barrierefreiheitsst\u00e4rkungsgesetz (BFSG) o della Direttiva UE 2016\/2102.<\/p><p>Il motivo \u00e8 che questo sito web \u00e8 un&#8217;offerta di un&#8217;azienda che attualmente <strong>non rientra nei requisiti legali di accessibilit\u00e0 per i prodotti e i servizi digitali<\/strong>.<\/p><p>Tuttavia, ci sforziamo di rendere il nostro sito web il pi\u00f9 possibile accessibile e facile da usare per tutti gli utenti. Tuttavia, l&#8217;accessibilit\u00e0 completa <strong>non \u00e8<\/strong> ancora <strong>stata implementata<\/strong> e non \u00e8 obbligatoria. <\/p><p>Se incontri qualche ostacolo o hai qualche suggerimento per migliorarlo, saremo lieti di ascoltarti.<\/p><p><strong>Feedback e contatti<\/strong><\/p><p><span class=\"elementor-icon-list-text\">A 9920 Sillian 140<br><\/span><span class=\"elementor-icon-list-text\">+43 4842 62 86<br><\/span><a href=\"mailto:willkommen@pension-adelheid.com\"><span class=\"elementor-icon-list-text\">willkommen@pension-adelheid.com<\/span><\/a><\/p>\t\t\t\t\t\t\t\t<\/div>\n\t\t\t\t<\/div>\n\t\t\t\t\t<\/div>\n\t\t\t\t<\/div>\n\t\t\t\t<\/div>\n\t\t","protected":false},"excerpt":{"rendered":"<p>Dichiarazione sull&#8217;accessibilit\u00e0 Questo sito web non \u00e8 obbligato a rispettare i requisiti di accessibilit\u00e0 della Barrierefreiheitsst\u00e4rkungsgesetz (BFSG) o della Direttiva UE 2016\/2102. Il motivo \u00e8 che questo sito web \u00e8 un&#8217;offerta di un&#8217;azienda che attualmente non rientra nei requisiti legali di accessibilit\u00e0 per i prodotti e i servizi digitali. Tuttavia, ci sforziamo di rendere il [&hellip;]<\/p>\n","protected":false},"author":2,"featured_media":0,"parent":0,"menu_order":0,"comment_status":"closed","ping_status":"closed","template":"elementor_header_footer","meta":{"footnotes":""},"class_list":["post-1241","page","type-page","status-publish","hentry","entry"],"yoast_head":"<!-- This site is optimized with the Yoast SEO plugin v27.3 - https:\/\/yoast.com\/product\/yoast-seo-wordpress\/ -->\n<title>Accessibilit\u00e0 - Pension Adelheid<\/title>\n<meta name=\"robots\" content=\"index, follow, max-snippet:-1, max-image-preview:large, max-video-preview:-1\" \/>\n<link rel=\"canonical\" href=\"https:\/\/pension-adelheid.com\/it\/accessibilita\/\" \/>\n<meta property=\"og:locale\" content=\"it_IT\" \/>\n<meta property=\"og:type\" content=\"article\" \/>\n<meta property=\"og:title\" content=\"Accessibilit\u00e0 - Pension Adelheid\" \/>\n<meta property=\"og:description\" content=\"Dichiarazione sull&#8217;accessibilit\u00e0 Questo sito web non \u00e8 obbligato a rispettare i requisiti di accessibilit\u00e0 della Barrierefreiheitsst\u00e4rkungsgesetz (BFSG) o della Direttiva UE 2016\/2102. Il motivo \u00e8 che questo sito web \u00e8 un&#8217;offerta di un&#8217;azienda che attualmente non rientra nei requisiti legali di accessibilit\u00e0 per i prodotti e i servizi digitali. Tuttavia, ci sforziamo di rendere il [&hellip;]\" \/>\n<meta property=\"og:url\" content=\"https:\/\/pension-adelheid.com\/it\/accessibilita\/\" \/>\n<meta property=\"og:site_name\" content=\"Pension Adelheid\" \/>\n<meta property=\"article:modified_time\" content=\"2025-07-30T08:26:17+00:00\" \/>\n<meta name=\"twitter:card\" content=\"summary_large_image\" \/>\n<script type=\"application\/ld+json\" class=\"yoast-schema-graph\">{\"@context\":\"https:\\\/\\\/schema.org\",\"@graph\":[{\"@type\":\"WebPage\",\"@id\":\"https:\\\/\\\/pension-adelheid.com\\\/it\\\/accessibilita\\\/\",\"url\":\"https:\\\/\\\/pension-adelheid.com\\\/it\\\/accessibilita\\\/\",\"name\":\"Accessibilit\u00e0 - Pension Adelheid\",\"isPartOf\":{\"@id\":\"https:\\\/\\\/pension-adelheid.com\\\/it\\\/#website\"},\"datePublished\":\"2025-07-30T08:23:23+00:00\",\"dateModified\":\"2025-07-30T08:26:17+00:00\",\"breadcrumb\":{\"@id\":\"https:\\\/\\\/pension-adelheid.com\\\/it\\\/accessibilita\\\/#breadcrumb\"},\"inLanguage\":\"it-IT\",\"potentialAction\":[{\"@type\":\"ReadAction\",\"target\":[\"https:\\\/\\\/pension-adelheid.com\\\/it\\\/accessibilita\\\/\"]}]},{\"@type\":\"BreadcrumbList\",\"@id\":\"https:\\\/\\\/pension-adelheid.com\\\/it\\\/accessibilita\\\/#breadcrumb\",\"itemListElement\":[{\"@type\":\"ListItem\",\"position\":1,\"name\":\"Startseite\",\"item\":\"https:\\\/\\\/pension-adelheid.com\\\/it\\\/\"},{\"@type\":\"ListItem\",\"position\":2,\"name\":\"Accessibilit\u00e0\"}]},{\"@type\":\"WebSite\",\"@id\":\"https:\\\/\\\/pension-adelheid.com\\\/it\\\/#website\",\"url\":\"https:\\\/\\\/pension-adelheid.com\\\/it\\\/\",\"name\":\"Pension Adelheid\",\"description\":\"Zimmer in Sillian \\\/ Osttirol\",\"publisher\":{\"@id\":\"https:\\\/\\\/pension-adelheid.com\\\/it\\\/#organization\"},\"potentialAction\":[{\"@type\":\"SearchAction\",\"target\":{\"@type\":\"EntryPoint\",\"urlTemplate\":\"https:\\\/\\\/pension-adelheid.com\\\/it\\\/?s={search_term_string}\"},\"query-input\":{\"@type\":\"PropertyValueSpecification\",\"valueRequired\":true,\"valueName\":\"search_term_string\"}}],\"inLanguage\":\"it-IT\"},{\"@type\":\"Organization\",\"@id\":\"https:\\\/\\\/pension-adelheid.com\\\/it\\\/#organization\",\"name\":\"Pension Adelheid\",\"url\":\"https:\\\/\\\/pension-adelheid.com\\\/it\\\/\",\"logo\":{\"@type\":\"ImageObject\",\"inLanguage\":\"it-IT\",\"@id\":\"https:\\\/\\\/pension-adelheid.com\\\/it\\\/#\\\/schema\\\/logo\\\/image\\\/\",\"url\":\"https:\\\/\\\/pension-adelheid.com\\\/wp-content\\\/uploads\\\/2024\\\/01\\\/Logo_transparent.png\",\"contentUrl\":\"https:\\\/\\\/pension-adelheid.com\\\/wp-content\\\/uploads\\\/2024\\\/01\\\/Logo_transparent.png\",\"width\":577,\"height\":310,\"caption\":\"Pension Adelheid\"},\"image\":{\"@id\":\"https:\\\/\\\/pension-adelheid.com\\\/it\\\/#\\\/schema\\\/logo\\\/image\\\/\"}}]}<\/script>\n<!-- \/ Yoast SEO plugin. -->","yoast_head_json":{"title":"Accessibilit\u00e0 - Pension Adelheid","robots":{"index":"index","follow":"follow","max-snippet":"max-snippet:-1","max-image-preview":"max-image-preview:large","max-video-preview":"max-video-preview:-1"},"canonical":"https:\/\/pension-adelheid.com\/it\/accessibilita\/","og_locale":"it_IT","og_type":"article","og_title":"Accessibilit\u00e0 - Pension Adelheid","og_description":"Dichiarazione sull&#8217;accessibilit\u00e0 Questo sito web non \u00e8 obbligato a rispettare i requisiti di accessibilit\u00e0 della Barrierefreiheitsst\u00e4rkungsgesetz (BFSG) o della Direttiva UE 2016\/2102. Il motivo \u00e8 che questo sito web \u00e8 un&#8217;offerta di un&#8217;azienda che attualmente non rientra nei requisiti legali di accessibilit\u00e0 per i prodotti e i servizi digitali. Tuttavia, ci sforziamo di rendere il [&hellip;]","og_url":"https:\/\/pension-adelheid.com\/it\/accessibilita\/","og_site_name":"Pension Adelheid","article_modified_time":"2025-07-30T08:26:17+00:00","twitter_card":"summary_large_image","schema":{"@context":"https:\/\/schema.org","@graph":[{"@type":"WebPage","@id":"https:\/\/pension-adelheid.com\/it\/accessibilita\/","url":"https:\/\/pension-adelheid.com\/it\/accessibilita\/","name":"Accessibilit\u00e0 - Pension Adelheid","isPartOf":{"@id":"https:\/\/pension-adelheid.com\/it\/#website"},"datePublished":"2025-07-30T08:23:23+00:00","dateModified":"2025-07-30T08:26:17+00:00","breadcrumb":{"@id":"https:\/\/pension-adelheid.com\/it\/accessibilita\/#breadcrumb"},"inLanguage":"it-IT","potentialAction":[{"@type":"ReadAction","target":["https:\/\/pension-adelheid.com\/it\/accessibilita\/"]}]},{"@type":"BreadcrumbList","@id":"https:\/\/pension-adelheid.com\/it\/accessibilita\/#breadcrumb","itemListElement":[{"@type":"ListItem","position":1,"name":"Startseite","item":"https:\/\/pension-adelheid.com\/it\/"},{"@type":"ListItem","position":2,"name":"Accessibilit\u00e0"}]},{"@type":"WebSite","@id":"https:\/\/pension-adelheid.com\/it\/#website","url":"https:\/\/pension-adelheid.com\/it\/","name":"Pension Adelheid","description":"Zimmer in Sillian \/ Osttirol","publisher":{"@id":"https:\/\/pension-adelheid.com\/it\/#organization"},"potentialAction":[{"@type":"SearchAction","target":{"@type":"EntryPoint","urlTemplate":"https:\/\/pension-adelheid.com\/it\/?s={search_term_string}"},"query-input":{"@type":"PropertyValueSpecification","valueRequired":true,"valueName":"search_term_string"}}],"inLanguage":"it-IT"},{"@type":"Organization","@id":"https:\/\/pension-adelheid.com\/it\/#organization","name":"Pension Adelheid","url":"https:\/\/pension-adelheid.com\/it\/","logo":{"@type":"ImageObject","inLanguage":"it-IT","@id":"https:\/\/pension-adelheid.com\/it\/#\/schema\/logo\/image\/","url":"https:\/\/pension-adelheid.com\/wp-content\/uploads\/2024\/01\/Logo_transparent.png","contentUrl":"https:\/\/pension-adelheid.com\/wp-content\/uploads\/2024\/01\/Logo_transparent.png","width":577,"height":310,"caption":"Pension Adelheid"},"image":{"@id":"https:\/\/pension-adelheid.com\/it\/#\/schema\/logo\/image\/"}}]}},"_links":{"self":[{"href":"https:\/\/pension-adelheid.com\/it\/wp-json\/wp\/v2\/pages\/1241","targetHints":{"allow":["GET"]}}],"collection":[{"href":"https:\/\/pension-adelheid.com\/it\/wp-json\/wp\/v2\/pages"}],"about":[{"href":"https:\/\/pension-adelheid.com\/it\/wp-json\/wp\/v2\/types\/page"}],"author":[{"embeddable":true,"href":"https:\/\/pension-adelheid.com\/it\/wp-json\/wp\/v2\/users\/2"}],"replies":[{"embeddable":true,"href":"https:\/\/pension-adelheid.com\/it\/wp-json\/wp\/v2\/comments?post=1241"}],"version-history":[{"count":2,"href":"https:\/\/pension-adelheid.com\/it\/wp-json\/wp\/v2\/pages\/1241\/revisions"}],"predecessor-version":[{"id":1249,"href":"https:\/\/pension-adelheid.com\/it\/wp-json\/wp\/v2\/pages\/1241\/revisions\/1249"}],"wp:attachment":[{"href":"https:\/\/pension-adelheid.com\/it\/wp-json\/wp\/v2\/media?parent=1241"}],"curies":[{"name":"wp","href":"https:\/\/api.w.org\/{rel}","templated":true}]}}